{"id":3878,"date":"2025-02-16T14:34:36","date_gmt":"2025-02-16T14:34:36","guid":{"rendered":"https:\/\/ultrapowersolutions-eg.com\/?page_id=3878"},"modified":"2025-03-02T13:21:35","modified_gmt":"2025-03-02T13:21:35","slug":"nos-services","status":"publish","type":"page","link":"https:\/\/ultrapowersolutions-eg.com\/fr\/nos-services\/","title":{"rendered":"NOS SERVICES"},"content":{"rendered":"\t\t<div data-elementor-type=\"wp-page\" data-elementor-id=\"3878\" class=\"elementor elementor-3878\" data-elementor-post-type=\"page\">\n\t\t\t\t<div class=\"elementor-element elementor-element-924d62b e-flex e-con-boxed e-con e-parent\" data-id=\"924d62b\" data-element_type=\"container\">\n\t\t\t\t\t<div class=\"e-con-inner\">\n\t\t\t\t<div class=\"elementor-element elementor-element-35055d2 elementor-widget elementor-widget-heading\" data-id=\"35055d2\" data-element_type=\"widget\" data-widget_type=\"heading.default\">\n\t\t\t\t<div class=\"elementor-widget-container\">\n\t\t\t\t\t<h2 class=\"elementor-heading-title elementor-size-default\">NOS SERVICES<\/h2>\t\t\t\t<\/div>\n\t\t\t\t<\/div>\n\t\t\t\t<div class=\"elementor-element elementor-element-c6e743f elementor-widget elementor-widget-text-editor\" data-id=\"c6e743f\" data-element_type=\"widget\" data-widget_type=\"text-editor.default\">\n\t\t\t\t<div class=\"elementor-widget-container\">\n\t\t\t\t\t\t\t\t\t<p>Ultra Power Solutions propose une gamme compl\u00e8te de services pour garantir le bon fonctionnement et l\u2019efficacit\u00e9 de vos syst\u00e8mes \u00e9nerg\u00e9tiques:<\/p>\t\t\t\t\t\t\t\t<\/div>\n\t\t\t\t<\/div>\n\t\t\t\t<div class=\"elementor-element elementor-element-e6fa2a9 elementor-hidden-mobile elementor-widget elementor-widget-ucaddon_card_carousel\" data-id=\"e6fa2a9\" data-element_type=\"widget\" data-widget_type=\"ucaddon_card_carousel.default\">\n\t\t\t\t<div class=\"elementor-widget-container\">\n\t\t\t\t\t\n<!-- start Card Carousel -->\n\t\t<link id='font-awesome-css' href='https:\/\/ultrapowersolutions-eg.com\/wp-content\/plugins\/unlimited-elements-for-elementor-premium\/assets_libraries\/font-awesome6\/fontawesome-all.min.css' type='text\/css' rel='stylesheet' >\n\t\t<link id='font-awesome-4-shim-css' href='https:\/\/ultrapowersolutions-eg.com\/wp-content\/plugins\/unlimited-elements-for-elementor-premium\/assets_libraries\/font-awesome6\/fontawesome-v4-shims.min.css' type='text\/css' rel='stylesheet' >\n\t\t<link id='owl-carousel-css' href='https:\/\/ultrapowersolutions-eg.com\/wp-content\/plugins\/unlimited-elements-for-elementor-premium\/assets_libraries\/owl-carousel-new\/assets\/owl.carousel.css' type='text\/css' rel='stylesheet' >\n\t\t<link id='uc_ac_assets_file_animate_css_77907-css' href='https:\/\/ultrapowersolutions-eg.com\/wp-content\/uploads\/ac_assets\/uc_classic_carousel\/animate.css' type='text\/css' rel='stylesheet' >\n\n<style>\/* widget: Card Carousel *\/\n\n#uc_card_carousel_elementor_e6fa2a9-wrapper{\n  min-height:1px;\n}\n\n#uc_card_carousel_elementor_e6fa2a9 *{\n\t-webkit-box-sizing: border-box;\n\t-moz-box-sizing: border-box;\n\tbox-sizing: border-box;\n}\n\n#uc_card_carousel_elementor_e6fa2a9 .ue-carousel-item{\n  overflow:hidden;\n  transition:0.3s;\n}\n\n#uc_card_carousel_elementor_e6fa2a9 .uc_classic_carousel_container_holder{\n\tdisplay:block;\n\tposition:relative;\n\twidth:100%;\n    box-sizing: border-box;\n}\n#uc_card_carousel_elementor_e6fa2a9 .uc_classic_carousel_placeholder{\n   position:relative;\n}\n\n\n#uc_card_carousel_elementor_e6fa2a9 .uc_classic_carousel_placeholder img, #uc_card_carousel_elementor_e6fa2a9 .ue_card_carousel_image_overlay{\n  transition: all 300ms;\n}\n\n.card_carousel_title{\n\tfont-size:21px;\n}\n\n.uc_classic_carousel .uc_classic_carousel_border{\n\tdisplay:block;\n    margin:0 auto;\n}\n\n.uc_classic_carousel  .uc_classic_carousel_placeholder img{\n\twidth:100%;    \n    display:block;\n}\n\n.uc_classic_carousel .uc_classic_carousel_content{\n  display: flex;\n  flex-flow: column nowrap;\n}\n\n.uc_classic_carousel .ue_button{\n  margin-top:auto;\n}\n\n.uc_classic_carousel .uc_classic_carousel_content .uc_more_btn {\n\tdisplay:inline-block;\n\ttext-decoration:none;\n\ttransition: all 0.5s ease;\n}\n\n#uc_card_carousel_elementor_e6fa2a9 .owl-dots {\n  overflow:hidden;\n  text-align:center;\n}\n\n#uc_card_carousel_elementor_e6fa2a9 .owl-dot {\n  border-radius:50%;\n  display:inline-block;\n}\n\n#uc_card_carousel_elementor_e6fa2a9 .owl-nav .owl-prev,\n#uc_card_carousel_elementor_e6fa2a9 .owl-nav .owl-next{\n    position:absolute;\n    display:flex;\n  \tjustify-content: center;\n  \talign-items: center;\n    text-align:center;\n}\n\n#uc_card_carousel_elementor_e6fa2a9 .owl-nav .disabled{\n    display: none;  \n}\n\n\n#uc_card_carousel_elementor_e6fa2a9 .ue-item-icon{\n  line-height:1em;\n  display:inline-flex;\n  justify-content:center;\n  align-items:center;  \n}\n\n#uc_card_carousel_elementor_e6fa2a9 .ue-item-icon svg{\n  height:1em;\n  width:1em;\n}\n\n#uc_card_carousel_elementor_e6fa2a9 .ue-item-icon-wrapper{\n  display:flex;\n}\n\n#uc_card_carousel_elementor_e6fa2a9 .uc_classic_carousel_container_holder {\n\t max-width: ;\n}\n\n\n\n@media screen and (max-width: 1024px) {\n  #uc_card_carousel_elementor_e6fa2a9 .uc_classic_carousel_container_holder {\n\t max-width: ;\n  }\n}\n\n@media screen and (max-width: 767px) {\n  #uc_card_carousel_elementor_e6fa2a9 .uc_classic_carousel_container_holder {\n    max-width: ;\n  }\n}\n\n<\/style>\n\n<div class=\"uc_classic_carousel\" id=\"uc_card_carousel_elementor_e6fa2a9-wrapper\">\n        <div class=\"uc_carousel owl-carousel uc-items-wrapper  \" id=\"uc_card_carousel_elementor_e6fa2a9\"  >\n          \t\n\n\n<div id=\"uc_card_carousel_elementor_e6fa2a9_item1\" class=\"uc_classic_carousel_container_holder ue-item elementor-repeater-item-b6d954e\" data-hide-item=\"false\">  \n  <div class=\"ue-carousel-item\">\n    \n        \n    \n          <div class=\"uc_classic_carousel_placeholder\">\n        <a href=\"https:\/\/ultrapowersolutions-eg.com\/fr\/nos-services\/services-pour-systemes-dc\/\" title=\"Apprendre encore plus\" >          <img fetchpriority=\"high\" decoding=\"async\" src=\"https:\/\/ultrapowersolutions-eg.com\/wp-content\/uploads\/2025\/02\/Controllers-768x633.png\"  src=\"https:\/\/ultrapowersolutions-eg.com\/wp-content\/uploads\/2025\/02\/Controllers-768x633.png\" alt=\"Controllers\" width=\"768\" height=\"633\">\n        <\/a>              <\/div>\n    \n    <div class=\"uc_classic_carousel_content\" style=\"direction:ltr;\">    \n\n      \n          <a href=\"https:\/\/ultrapowersolutions-eg.com\/fr\/nos-services\/services-pour-systemes-dc\/\" ><div  class=\"card_carousel_title\">SERVICES POUR SYST\u00c8MES DC<\/div><\/a>\n              \t\n\n              <div class=\"ue_button\">\n          <a class=\"uc_more_btn \" href=\"https:\/\/ultrapowersolutions-eg.com\/fr\/nos-services\/services-pour-systemes-dc\/\" title=\"Apprendre encore plus\" >Apprendre encore plus<\/a>\n      \t<\/div>   \n      \t\n      \n    <\/div>\n    \n  <\/div>\n<\/div>\n\n\n\n<div id=\"uc_card_carousel_elementor_e6fa2a9_item2\" class=\"uc_classic_carousel_container_holder ue-item elementor-repeater-item-6ed05dd\" data-hide-item=\"false\">  \n  <div class=\"ue-carousel-item\">\n    \n        \n    \n          <div class=\"uc_classic_carousel_placeholder\">\n        <a href=\"https:\/\/ultrapowersolutions-eg.com\/fr\/nos-services\/services-pour-systemes-ac\/\" title=\"Apprendre encore plus\" >          <img decoding=\"async\" src=\"https:\/\/ultrapowersolutions-eg.com\/wp-content\/uploads\/2025\/02\/Dummy-Load-AC-DC-768x633.png\"  src=\"https:\/\/ultrapowersolutions-eg.com\/wp-content\/uploads\/2025\/02\/Dummy-Load-AC-DC-768x633.png\" alt=\"Dummy Load (AC &amp; DC)\" width=\"768\" height=\"633\">\n        <\/a>              <\/div>\n    \n    <div class=\"uc_classic_carousel_content\" style=\"direction:ltr;\">    \n\n      \n          <a href=\"https:\/\/ultrapowersolutions-eg.com\/fr\/nos-services\/services-pour-systemes-ac\/\" ><div  class=\"card_carousel_title\">SERVICES POUR SYST\u00c8MES AC<\/div><\/a>\n              \t\n\n              <div class=\"ue_button\">\n          <a class=\"uc_more_btn \" href=\"https:\/\/ultrapowersolutions-eg.com\/fr\/nos-services\/services-pour-systemes-ac\/\" title=\"Apprendre encore plus\" >Apprendre encore plus<\/a>\n      \t<\/div>   \n      \t\n      \n    <\/div>\n    \n  <\/div>\n<\/div>\n\n\n\n<div id=\"uc_card_carousel_elementor_e6fa2a9_item3\" class=\"uc_classic_carousel_container_holder ue-item elementor-repeater-item-723da65\" data-hide-item=\"false\">  \n  <div class=\"ue-carousel-item\">\n    \n        \n    \n          <div class=\"uc_classic_carousel_placeholder\">\n        <a href=\"https:\/\/ultrapowersolutions-eg.com\/fr\/nos-services\/fabrication-ultra\/\" title=\"Apprendre encore plus\" >          <img decoding=\"async\" src=\"https:\/\/ultrapowersolutions-eg.com\/wp-content\/uploads\/2025\/02\/montior-768x633.png\"  src=\"https:\/\/ultrapowersolutions-eg.com\/wp-content\/uploads\/2025\/02\/montior-768x633.png\" alt=\"montior\" width=\"768\" height=\"633\">\n        <\/a>              <\/div>\n    \n    <div class=\"uc_classic_carousel_content\" style=\"direction:ltr;\">    \n\n      \n          <a href=\"https:\/\/ultrapowersolutions-eg.com\/fr\/nos-services\/fabrication-ultra\/\" ><div  class=\"card_carousel_title\">Fabrication ultra<\/div><\/a>\n              \t\n\n              <div class=\"ue_button\">\n          <a class=\"uc_more_btn \" href=\"https:\/\/ultrapowersolutions-eg.com\/fr\/nos-services\/fabrication-ultra\/\" title=\"Apprendre encore plus\" >Apprendre encore plus<\/a>\n      \t<\/div>   \n      \t\n      \n    <\/div>\n    \n  <\/div>\n<\/div>\n\n      <\/div>\n<\/div>\n<!-- end Card Carousel -->\t\t\t\t<\/div>\n\t\t\t\t<\/div>\n\t\t\t\t<div class=\"elementor-element elementor-element-0431040 elementor-hidden-desktop elementor-hidden-tablet elementor-widget elementor-widget-ucaddon_card_carousel\" data-id=\"0431040\" data-element_type=\"widget\" data-widget_type=\"ucaddon_card_carousel.default\">\n\t\t\t\t<div class=\"elementor-widget-container\">\n\t\t\t\t\t\n<!-- start Card Carousel -->\n\n<style>\/* widget: Card Carousel *\/\n\n#uc_card_carousel_elementor_0431040-wrapper{\n  min-height:1px;\n}\n\n#uc_card_carousel_elementor_0431040 *{\n\t-webkit-box-sizing: border-box;\n\t-moz-box-sizing: border-box;\n\tbox-sizing: border-box;\n}\n\n#uc_card_carousel_elementor_0431040 .ue-carousel-item{\n  overflow:hidden;\n  transition:0.3s;\n}\n\n#uc_card_carousel_elementor_0431040 .uc_classic_carousel_container_holder{\n\tdisplay:block;\n\tposition:relative;\n\twidth:100%;\n    box-sizing: border-box;\n}\n#uc_card_carousel_elementor_0431040 .uc_classic_carousel_placeholder{\n   position:relative;\n}\n\n#uc_card_carousel_elementor_0431040 .ue_card_carousel_image_overlay{\n  position:absolute;\n  top:0;\n  bottom:0;\n  left:0;\n  right:0;\n  transition:0.3s;\n}\n\n#uc_card_carousel_elementor_0431040 .uc_classic_carousel_placeholder img, #uc_card_carousel_elementor_0431040 .ue_card_carousel_image_overlay{\n  transition: all 300ms;\n}\n\n.card_carousel_title{\n\tfont-size:21px;\n}\n\n.uc_classic_carousel .uc_classic_carousel_border{\n\tdisplay:block;\n    margin:0 auto;\n}\n\n.uc_classic_carousel  .uc_classic_carousel_placeholder img{\n\twidth:100%;    \n    display:block;\n}\n\n.uc_classic_carousel .uc_classic_carousel_content{\n  display: flex;\n  flex-flow: column nowrap;\n}\n\n.uc_classic_carousel .ue_button{\n  margin-top:auto;\n}\n\n.uc_classic_carousel .uc_classic_carousel_content .uc_more_btn {\n\tdisplay:inline-block;\n\ttext-decoration:none;\n\ttransition: all 0.5s ease;\n}\n\n#uc_card_carousel_elementor_0431040 .owl-dots {\n  overflow:hidden;\n  text-align:center;\n}\n\n#uc_card_carousel_elementor_0431040 .owl-dot {\n  border-radius:50%;\n  display:inline-block;\n}\n\n#uc_card_carousel_elementor_0431040 .owl-nav .owl-prev,\n#uc_card_carousel_elementor_0431040 .owl-nav .owl-next{\n    position:absolute;\n    display:flex;\n  \tjustify-content: center;\n  \talign-items: center;\n    text-align:center;\n}\n\n#uc_card_carousel_elementor_0431040 .owl-nav .disabled{\n    display: none;  \n}\n\n\n#uc_card_carousel_elementor_0431040 .ue-item-icon{\n  line-height:1em;\n  display:inline-flex;\n  justify-content:center;\n  align-items:center;  \n}\n\n#uc_card_carousel_elementor_0431040 .ue-item-icon svg{\n  height:1em;\n  width:1em;\n}\n\n#uc_card_carousel_elementor_0431040 .ue-item-icon-wrapper{\n  display:flex;\n}\n\n#uc_card_carousel_elementor_0431040 .uc_classic_carousel_container_holder {\n\t max-width: ;\n}\n\n\n\n@media screen and (max-width: 1024px) {\n  #uc_card_carousel_elementor_0431040 .uc_classic_carousel_container_holder {\n\t max-width: ;\n  }\n}\n\n@media screen and (max-width: 767px) {\n  #uc_card_carousel_elementor_0431040 .uc_classic_carousel_container_holder {\n    max-width: ;\n  }\n}\n\n<\/style>\n\n<div class=\"uc_classic_carousel\" id=\"uc_card_carousel_elementor_0431040-wrapper\">\n        <div class=\"uc_carousel owl-carousel uc-items-wrapper  \" id=\"uc_card_carousel_elementor_0431040\"  >\n          \t\n\n\n<div id=\"uc_card_carousel_elementor_0431040_item1\" class=\"uc_classic_carousel_container_holder ue-item elementor-repeater-item-b6d954e\" data-hide-item=\"false\">  \n  <div class=\"ue-carousel-item\">\n    \n    <span class=\"uc_classic_carousel_border\" style=\"\"><\/span>    \n    \n          <div class=\"uc_classic_carousel_placeholder\">\n        <a href=\"https:\/\/ultrapowersolutions-eg.com\/fr\/nos-services\/services-pour-systemes-dc\/\" title=\"Apprendre encore plus\" >          <img fetchpriority=\"high\" decoding=\"async\" src=\"https:\/\/ultrapowersolutions-eg.com\/wp-content\/uploads\/2025\/02\/Controllers-768x633.png\"  src=\"https:\/\/ultrapowersolutions-eg.com\/wp-content\/uploads\/2025\/02\/Controllers-768x633.png\" alt=\"Controllers\" width=\"768\" height=\"633\">\n        <\/a>        <div class=\"ue_card_carousel_image_overlay\"><\/div>      <\/div>\n    \n    <div class=\"uc_classic_carousel_content\" style=\"direction:ltr;\">    \n\n      \n          <a href=\"https:\/\/ultrapowersolutions-eg.com\/fr\/nos-services\/services-pour-systemes-dc\/\" ><div  class=\"card_carousel_title\">SERVICES POUR SYST\u00c8MES DC<\/div><\/a>\n        <div class=\"card_carousel_text\"><\/div>      \t\n\n              <div class=\"ue_button\">\n          <a class=\"uc_more_btn \" href=\"https:\/\/ultrapowersolutions-eg.com\/fr\/nos-services\/services-pour-systemes-dc\/\" title=\"Apprendre encore plus\" >Apprendre encore plus<\/a>\n      \t<\/div>   \n      \t\n      \n    <\/div>\n    \n  <\/div>\n<\/div>\n\n      <\/div>\n<\/div>\n<!-- end Card Carousel -->\t\t\t\t<\/div>\n\t\t\t\t<\/div>\n\t\t\t\t<div class=\"elementor-element elementor-element-4b93ce6 elementor-hidden-desktop elementor-hidden-tablet elementor-widget elementor-widget-ucaddon_card_carousel\" data-id=\"4b93ce6\" data-element_type=\"widget\" data-widget_type=\"ucaddon_card_carousel.default\">\n\t\t\t\t<div class=\"elementor-widget-container\">\n\t\t\t\t\t\n<!-- start Card Carousel -->\n\n<style>\/* widget: Card Carousel *\/\n\n#uc_card_carousel_elementor_4b93ce6-wrapper{\n  min-height:1px;\n}\n\n#uc_card_carousel_elementor_4b93ce6 *{\n\t-webkit-box-sizing: border-box;\n\t-moz-box-sizing: border-box;\n\tbox-sizing: border-box;\n}\n\n#uc_card_carousel_elementor_4b93ce6 .ue-carousel-item{\n  overflow:hidden;\n  transition:0.3s;\n}\n\n#uc_card_carousel_elementor_4b93ce6 .uc_classic_carousel_container_holder{\n\tdisplay:block;\n\tposition:relative;\n\twidth:100%;\n    box-sizing: border-box;\n}\n#uc_card_carousel_elementor_4b93ce6 .uc_classic_carousel_placeholder{\n   position:relative;\n}\n\n#uc_card_carousel_elementor_4b93ce6 .ue_card_carousel_image_overlay{\n  position:absolute;\n  top:0;\n  bottom:0;\n  left:0;\n  right:0;\n  transition:0.3s;\n}\n\n#uc_card_carousel_elementor_4b93ce6 .uc_classic_carousel_placeholder img, #uc_card_carousel_elementor_4b93ce6 .ue_card_carousel_image_overlay{\n  transition: all 300ms;\n}\n\n.card_carousel_title{\n\tfont-size:21px;\n}\n\n.uc_classic_carousel .uc_classic_carousel_border{\n\tdisplay:block;\n    margin:0 auto;\n}\n\n.uc_classic_carousel  .uc_classic_carousel_placeholder img{\n\twidth:100%;    \n    display:block;\n}\n\n.uc_classic_carousel .uc_classic_carousel_content{\n  display: flex;\n  flex-flow: column nowrap;\n}\n\n.uc_classic_carousel .ue_button{\n  margin-top:auto;\n}\n\n.uc_classic_carousel .uc_classic_carousel_content .uc_more_btn {\n\tdisplay:inline-block;\n\ttext-decoration:none;\n\ttransition: all 0.5s ease;\n}\n\n#uc_card_carousel_elementor_4b93ce6 .owl-dots {\n  overflow:hidden;\n  text-align:center;\n}\n\n#uc_card_carousel_elementor_4b93ce6 .owl-dot {\n  border-radius:50%;\n  display:inline-block;\n}\n\n#uc_card_carousel_elementor_4b93ce6 .owl-nav .owl-prev,\n#uc_card_carousel_elementor_4b93ce6 .owl-nav .owl-next{\n    position:absolute;\n    display:flex;\n  \tjustify-content: center;\n  \talign-items: center;\n    text-align:center;\n}\n\n#uc_card_carousel_elementor_4b93ce6 .owl-nav .disabled{\n    display: none;  \n}\n\n\n#uc_card_carousel_elementor_4b93ce6 .ue-item-icon{\n  line-height:1em;\n  display:inline-flex;\n  justify-content:center;\n  align-items:center;  \n}\n\n#uc_card_carousel_elementor_4b93ce6 .ue-item-icon svg{\n  height:1em;\n  width:1em;\n}\n\n#uc_card_carousel_elementor_4b93ce6 .ue-item-icon-wrapper{\n  display:flex;\n}\n\n#uc_card_carousel_elementor_4b93ce6 .uc_classic_carousel_container_holder {\n\t max-width: ;\n}\n\n\n\n@media screen and (max-width: 1024px) {\n  #uc_card_carousel_elementor_4b93ce6 .uc_classic_carousel_container_holder {\n\t max-width: ;\n  }\n}\n\n@media screen and (max-width: 767px) {\n  #uc_card_carousel_elementor_4b93ce6 .uc_classic_carousel_container_holder {\n    max-width: ;\n  }\n}\n\n<\/style>\n\n<div class=\"uc_classic_carousel\" id=\"uc_card_carousel_elementor_4b93ce6-wrapper\">\n        <div class=\"uc_carousel owl-carousel uc-items-wrapper  \" id=\"uc_card_carousel_elementor_4b93ce6\"  >\n          \t\n\n\n<div id=\"uc_card_carousel_elementor_4b93ce6_item1\" class=\"uc_classic_carousel_container_holder ue-item elementor-repeater-item-6ed05dd\" data-hide-item=\"false\">  \n  <div class=\"ue-carousel-item\">\n    \n    <span class=\"uc_classic_carousel_border\" style=\"\"><\/span>    \n    \n          <div class=\"uc_classic_carousel_placeholder\">\n        <a href=\"https:\/\/ultrapowersolutions-eg.com\/fr\/nos-services\/services-pour-systemes-ac\/\" title=\"Apprendre encore plus\" >          <img decoding=\"async\" src=\"https:\/\/ultrapowersolutions-eg.com\/wp-content\/uploads\/2025\/02\/Dummy-Load-AC-DC-768x633.png\"  src=\"https:\/\/ultrapowersolutions-eg.com\/wp-content\/uploads\/2025\/02\/Dummy-Load-AC-DC-768x633.png\" alt=\"Dummy Load (AC &amp; DC)\" width=\"768\" height=\"633\">\n        <\/a>        <div class=\"ue_card_carousel_image_overlay\"><\/div>      <\/div>\n    \n    <div class=\"uc_classic_carousel_content\" style=\"direction:ltr;\">    \n\n      \n          <a href=\"https:\/\/ultrapowersolutions-eg.com\/fr\/nos-services\/services-pour-systemes-ac\/\" ><div  class=\"card_carousel_title\">SERVICES POUR SYST\u00c8MES AC<\/div><\/a>\n        <div class=\"card_carousel_text\"><\/div>      \t\n\n              <div class=\"ue_button\">\n          <a class=\"uc_more_btn \" href=\"https:\/\/ultrapowersolutions-eg.com\/fr\/nos-services\/services-pour-systemes-ac\/\" title=\"Apprendre encore plus\" >Apprendre encore plus<\/a>\n      \t<\/div>   \n      \t\n      \n    <\/div>\n    \n  <\/div>\n<\/div>\n\n      <\/div>\n<\/div>\n<!-- end Card Carousel -->\t\t\t\t<\/div>\n\t\t\t\t<\/div>\n\t\t\t\t<div class=\"elementor-element elementor-element-25bc614 elementor-hidden-desktop elementor-hidden-tablet elementor-widget elementor-widget-ucaddon_card_carousel\" data-id=\"25bc614\" data-element_type=\"widget\" data-widget_type=\"ucaddon_card_carousel.default\">\n\t\t\t\t<div class=\"elementor-widget-container\">\n\t\t\t\t\t\n<!-- start Card Carousel -->\n\n<style>\/* widget: Card Carousel *\/\n\n#uc_card_carousel_elementor_25bc614-wrapper{\n  min-height:1px;\n}\n\n#uc_card_carousel_elementor_25bc614 *{\n\t-webkit-box-sizing: border-box;\n\t-moz-box-sizing: border-box;\n\tbox-sizing: border-box;\n}\n\n#uc_card_carousel_elementor_25bc614 .ue-carousel-item{\n  overflow:hidden;\n  transition:0.3s;\n}\n\n#uc_card_carousel_elementor_25bc614 .uc_classic_carousel_container_holder{\n\tdisplay:block;\n\tposition:relative;\n\twidth:100%;\n    box-sizing: border-box;\n}\n#uc_card_carousel_elementor_25bc614 .uc_classic_carousel_placeholder{\n   position:relative;\n}\n\n#uc_card_carousel_elementor_25bc614 .ue_card_carousel_image_overlay{\n  position:absolute;\n  top:0;\n  bottom:0;\n  left:0;\n  right:0;\n  transition:0.3s;\n}\n\n#uc_card_carousel_elementor_25bc614 .uc_classic_carousel_placeholder img, #uc_card_carousel_elementor_25bc614 .ue_card_carousel_image_overlay{\n  transition: all 300ms;\n}\n\n.card_carousel_title{\n\tfont-size:21px;\n}\n\n.uc_classic_carousel .uc_classic_carousel_border{\n\tdisplay:block;\n    margin:0 auto;\n}\n\n.uc_classic_carousel  .uc_classic_carousel_placeholder img{\n\twidth:100%;    \n    display:block;\n}\n\n.uc_classic_carousel .uc_classic_carousel_content{\n  display: flex;\n  flex-flow: column nowrap;\n}\n\n.uc_classic_carousel .ue_button{\n  margin-top:auto;\n}\n\n.uc_classic_carousel .uc_classic_carousel_content .uc_more_btn {\n\tdisplay:inline-block;\n\ttext-decoration:none;\n\ttransition: all 0.5s ease;\n}\n\n#uc_card_carousel_elementor_25bc614 .owl-dots {\n  overflow:hidden;\n  text-align:center;\n}\n\n#uc_card_carousel_elementor_25bc614 .owl-dot {\n  border-radius:50%;\n  display:inline-block;\n}\n\n#uc_card_carousel_elementor_25bc614 .owl-nav .owl-prev,\n#uc_card_carousel_elementor_25bc614 .owl-nav .owl-next{\n    position:absolute;\n    display:flex;\n  \tjustify-content: center;\n  \talign-items: center;\n    text-align:center;\n}\n\n#uc_card_carousel_elementor_25bc614 .owl-nav .disabled{\n    display: none;  \n}\n\n\n#uc_card_carousel_elementor_25bc614 .ue-item-icon{\n  line-height:1em;\n  display:inline-flex;\n  justify-content:center;\n  align-items:center;  \n}\n\n#uc_card_carousel_elementor_25bc614 .ue-item-icon svg{\n  height:1em;\n  width:1em;\n}\n\n#uc_card_carousel_elementor_25bc614 .ue-item-icon-wrapper{\n  display:flex;\n}\n\n#uc_card_carousel_elementor_25bc614 .uc_classic_carousel_container_holder {\n\t max-width: ;\n}\n\n\n\n@media screen and (max-width: 1024px) {\n  #uc_card_carousel_elementor_25bc614 .uc_classic_carousel_container_holder {\n\t max-width: ;\n  }\n}\n\n@media screen and (max-width: 767px) {\n  #uc_card_carousel_elementor_25bc614 .uc_classic_carousel_container_holder {\n    max-width: ;\n  }\n}\n\n<\/style>\n\n<div class=\"uc_classic_carousel\" id=\"uc_card_carousel_elementor_25bc614-wrapper\">\n        <div class=\"uc_carousel owl-carousel uc-items-wrapper  \" id=\"uc_card_carousel_elementor_25bc614\"  >\n          \t\n\n\n<div id=\"uc_card_carousel_elementor_25bc614_item1\" class=\"uc_classic_carousel_container_holder ue-item elementor-repeater-item-723da65\" data-hide-item=\"false\">  \n  <div class=\"ue-carousel-item\">\n    \n    <span class=\"uc_classic_carousel_border\" style=\"\"><\/span>    \n    \n          <div class=\"uc_classic_carousel_placeholder\">\n        <a href=\"https:\/\/ultrapowersolutions-eg.com\/fr\/nos-services\/fabrication-ultra\/\" title=\"Apprendre encore plus\" >          <img decoding=\"async\" src=\"https:\/\/ultrapowersolutions-eg.com\/wp-content\/uploads\/2025\/02\/montior-768x633.png\"  src=\"https:\/\/ultrapowersolutions-eg.com\/wp-content\/uploads\/2025\/02\/montior-768x633.png\" alt=\"montior\" width=\"768\" height=\"633\">\n        <\/a>        <div class=\"ue_card_carousel_image_overlay\"><\/div>      <\/div>\n    \n    <div class=\"uc_classic_carousel_content\" style=\"direction:ltr;\">    \n\n      \n          <a href=\"https:\/\/ultrapowersolutions-eg.com\/fr\/nos-services\/fabrication-ultra\/\" ><div  class=\"card_carousel_title\">Fabrication ultra<\/div><\/a>\n        <div class=\"card_carousel_text\"><\/div>      \t\n\n              <div class=\"ue_button\">\n          <a class=\"uc_more_btn \" href=\"https:\/\/ultrapowersolutions-eg.com\/fr\/nos-services\/fabrication-ultra\/\" title=\"Apprendre encore plus\" >Apprendre encore plus<\/a>\n      \t<\/div>   \n      \t\n      \n    <\/div>\n    \n  <\/div>\n<\/div>\n\n      <\/div>\n<\/div>\n<!-- end Card Carousel -->\t\t\t\t<\/div>\n\t\t\t\t<\/div>\n\t\t\t\t\t<\/div>\n\t\t\t\t<\/div>\n\t\t\t\t<\/div>\n\t\t","protected":false},"excerpt":{"rendered":"<p>NOS SERVICES Ultra Power Solutions propose une gamme compl\u00e8te de services pour garantir le bon fonctionnement et l\u2019efficacit\u00e9 de vos syst\u00e8mes \u00e9nerg\u00e9tiques: SERVICES POUR SYST\u00c8MES DC Apprendre encore plus SERVICES POUR SYST\u00c8MES AC Apprendre encore plus Fabrication ultra Apprendre encore plus SERVICES POUR SYST\u00c8MES DC Apprendre encore plus SERVICES POUR SYST\u00c8MES AC Apprendre encore plus&#8230;<\/p>\n","protected":false},"author":1,"featured_media":0,"parent":0,"menu_order":0,"comment_status":"closed","ping_status":"closed","template":"template-builder.php","meta":{"footnotes":""},"class_list":["post-3878","page","type-page","status-publish","hentry"],"_links":{"self":[{"href":"https:\/\/ultrapowersolutions-eg.com\/fr\/wp-json\/wp\/v2\/pages\/3878","targetHints":{"allow":["GET"]}}],"collection":[{"href":"https:\/\/ultrapowersolutions-eg.com\/fr\/wp-json\/wp\/v2\/pages"}],"about":[{"href":"https:\/\/ultrapowersolutions-eg.com\/fr\/wp-json\/wp\/v2\/types\/page"}],"author":[{"embeddable":true,"href":"https:\/\/ultrapowersolutions-eg.com\/fr\/wp-json\/wp\/v2\/users\/1"}],"replies":[{"embeddable":true,"href":"https:\/\/ultrapowersolutions-eg.com\/fr\/wp-json\/wp\/v2\/comments?post=3878"}],"version-history":[{"count":17,"href":"https:\/\/ultrapowersolutions-eg.com\/fr\/wp-json\/wp\/v2\/pages\/3878\/revisions"}],"predecessor-version":[{"id":4195,"href":"https:\/\/ultrapowersolutions-eg.com\/fr\/wp-json\/wp\/v2\/pages\/3878\/revisions\/4195"}],"wp:attachment":[{"href":"https:\/\/ultrapowersolutions-eg.com\/fr\/wp-json\/wp\/v2\/media?parent=3878"}],"curies":[{"name":"wp","href":"https:\/\/api.w.org\/{rel}","templated":true}]}}