{"id":3904,"date":"2025-02-16T15:17:12","date_gmt":"2025-02-16T15:17:12","guid":{"rendered":"https:\/\/ultrapowersolutions-eg.com\/?page_id=3904"},"modified":"2025-02-16T15:23:49","modified_gmt":"2025-02-16T15:23:49","slug":"services-pour-systemes-dc","status":"publish","type":"page","link":"https:\/\/ultrapowersolutions-eg.com\/fr\/nos-services\/services-pour-systemes-dc\/","title":{"rendered":"SERVICES POUR SYST\u00c8MES DC"},"content":{"rendered":"\t\t<div data-elementor-type=\"wp-page\" data-elementor-id=\"3904\" class=\"elementor elementor-3904\" data-elementor-post-type=\"page\">\n\t\t\t\t\t\t<section class=\"elementor-section elementor-top-section elementor-element elementor-element-820210e elementor-section-full_width elementor-section-height-default elementor-section-height-default\" data-id=\"820210e\" data-element_type=\"section\">\n\t\t\t\t\t\t<div class=\"elementor-container elementor-column-gap-no\">\n\t\t\t\t\t<div class=\"elementor-column elementor-col-100 elementor-top-column elementor-element elementor-element-d5f0e44\" data-id=\"d5f0e44\" data-element_type=\"column\">\n\t\t\t<div class=\"elementor-widget-wrap elementor-element-populated\">\n\t\t\t\t\t\t<section class=\"elementor-section elementor-inner-section elementor-element elementor-element-0b4cf93 elementor-section-full_width elementor-section-height-default elementor-section-height-default\" data-id=\"0b4cf93\" data-element_type=\"section\">\n\t\t\t\t\t\t<div class=\"elementor-container elementor-column-gap-no\">\n\t\t\t\t\t<div class=\"elementor-column elementor-col-100 elementor-inner-column elementor-element elementor-element-ac31cf5\" data-id=\"ac31cf5\" data-element_type=\"column\">\n\t\t\t<div class=\"elementor-widget-wrap elementor-element-populated\">\n\t\t\t\t\t\t<div class=\"elementor-element elementor-element-6456be0 elementor-widget elementor-widget-heading\" data-id=\"6456be0\" data-element_type=\"widget\" data-widget_type=\"heading.default\">\n\t\t\t\t<div class=\"elementor-widget-container\">\n\t\t\t\t\t<h2 class=\"elementor-heading-title elementor-size-default\">SERVICES POUR\nSYST\u00c8MES DC<\/h2>\t\t\t\t<\/div>\n\t\t\t\t<\/div>\n\t\t\t\t<div class=\"elementor-element elementor-element-2a5b3af elementor-widget elementor-widget-text-editor\" data-id=\"2a5b3af\" data-element_type=\"widget\" data-widget_type=\"text-editor.default\">\n\t\t\t\t<div class=\"elementor-widget-container\">\n\t\t\t\t\t\t\t\t\t<p>Nous offrons des services pour tous les types suivants:<\/p>\t\t\t\t\t\t\t\t<\/div>\n\t\t\t\t<\/div>\n\t\t\t\t<div class=\"elementor-element elementor-element-2510f67 elementor-widget elementor-widget-energisoaboutmedia\" data-id=\"2510f67\" data-element_type=\"widget\" data-widget_type=\"energisoaboutmedia.default\">\n\t\t\t\t<div class=\"elementor-widget-container\">\n\t\t\t\t\t<section class=\"about-media-wrapper\"><div class=\"container-xl\"><div class=\"row gx-0\"><div class=\"col-md-6 col-lg-4 feature-style2 \"><div class=\"feature-body\"><div class=\"feature-icon\"><img decoding=\"async\" src=\"https:\/\/ultrapowersolutions-eg.com\/wp-content\/uploads\/2025\/02\/Solar-Installation-Maintenance.png\" alt=\"Solar Installation Maintenance\"  \/><\/div><h3 class=\"feature-title h5\"><a class=\"text-inherit\" href=\"\">INSTALLATION ET ENTRETIEN\nDE SYST\u00c8MES SOLAIRES<\/a><\/h3><p class=\"feature-text\">Nous sommes sp\u00e9cialis\u00e9s dans l\u2019installation\net l\u2019entretien de syst\u00e8mes solaires, vous\npermettant de tirer parti de l\u2019\u00e9nergie du soleil.<\/p><\/div><\/div><div class=\"col-md-6 col-lg-4 feature-style2 \"><div class=\"feature-body\"><div class=\"feature-icon\"><img decoding=\"async\" src=\"https:\/\/ultrapowersolutions-eg.com\/wp-content\/uploads\/2025\/02\/HGB-System-Design-Programming.png\" alt=\"HGB System Design Programming\"  \/><\/div><h3 class=\"feature-title h5\"><a class=\"text-inherit\" href=\"\">CONCEPTION ET PROGRAMMATION\nDU SYST\u00c8ME HGB<\/a><\/h3><p class=\"feature-text\">Combinaison de deux ou plusieurs \u00e9l\u00e9ments\ndiff\u00e9rents pour cr\u00e9er une entit\u00e9 ou un\nsyst\u00e8me int\u00e9grant leurs caract\u00e9ristiques\nou fonctionnalit\u00e9s. (G\u00e9n\u00e9rateur - Batterie -\nPanneau solaire - \u00c9olienne)<\/p><\/div><\/div><div class=\"col-md-6 col-lg-4 feature-style2 \"><div class=\"feature-body\"><div class=\"feature-icon\"><img decoding=\"async\" src=\"https:\/\/ultrapowersolutions-eg.com\/wp-content\/uploads\/2025\/02\/Inverter-UPS-Repair.png\" alt=\"Inverter UPS Repair\"  \/><\/div><h3 class=\"feature-title h5\"><a class=\"text-inherit\" href=\"\">R\u00c9PARATION D\u2019ONDULEURS ET\nD\u2019ALIMENTATION SANS\nINTERRUPTION (ASI)<\/a><\/h3><p class=\"feature-text\">Nos techniciens sont sp\u00e9cialis\u00e9s dans\nle diagnostic et la r\u00e9paration de divers\nonduleurs et syst\u00e8mes d\u2019alimentation\nsans interruption (ASI).<\/p><\/div><\/div><div class=\"col-md-6 col-lg-4 feature-style2 \"><div class=\"feature-body\"><div class=\"feature-icon\"><img decoding=\"async\" src=\"https:\/\/ultrapowersolutions-eg.com\/wp-content\/uploads\/2025\/02\/Power-panels.png\" alt=\"Power panels\"  \/><\/div><h3 class=\"feature-title h5\"><a class=\"text-inherit\" href=\"\">PANNEAUX D\u2019ALIMENTATION<\/a><\/h3><p class=\"feature-text\">Fourniture et installation de panneaux de\nprotection (disjoncteurs, fusibles), syst\u00e8me\nde d\u00e9rivation pour ASI.<\/p><\/div><\/div><div class=\"col-md-6 col-lg-4 feature-style2 \"><div class=\"feature-body\"><div class=\"feature-icon\"><img decoding=\"async\" src=\"https:\/\/ultrapowersolutions-eg.com\/wp-content\/uploads\/2025\/02\/Battery-Testing.png\" alt=\"Battery Testing\"  \/><\/div><h3 class=\"feature-title h5\"><a class=\"text-inherit\" href=\"\">TEST DE BATTERIES<\/a><\/h3><p class=\"feature-text\">Nous utilisons des tests de courant\nconstant avec une charge fictive pour\nassurer la bonne sant\u00e9 et les performances\nde vos batteries.<\/p><\/div><\/div><div class=\"col-md-6 col-lg-4 feature-style2 \"><div class=\"feature-body\"><div class=\"feature-icon\"><img decoding=\"async\" src=\"https:\/\/ultrapowersolutions-eg.com\/wp-content\/uploads\/2025\/02\/Rectifiers.png\" alt=\"Rectifiers\"  \/><\/div><h3 class=\"feature-title h5\"><a class=\"text-inherit\" href=\"\">REDRESSEURS<\/a><\/h3><p class=\"feature-text\">R\u00e9paration de tous types de redresseurs et\nfourniture de redresseurs \u00e0 haute capacit\u00e9 pour\nr\u00e9pondre \u00e0 vos besoins.<\/p><\/div><\/div><div class=\"col-md-6 col-lg-4 feature-style2 \"><div class=\"feature-body\"><div class=\"feature-icon\"><img decoding=\"async\" src=\"https:\/\/ultrapowersolutions-eg.com\/wp-content\/uploads\/2025\/02\/DCDU-with-PLD_2.png\" alt=\"DCDU with PLD_2\"  \/><\/div><h3 class=\"feature-title h5\"><a class=\"text-inherit\" href=\"\">DCDU AVEC PLD<\/a><\/h3><p class=\"feature-text\">Fourniture de DCDU avec PLD et alarme\nde fusible de charge.<\/p><\/div><\/div><div class=\"col-md-6 col-lg-4 feature-style2 \"><div class=\"feature-body\"><div class=\"feature-icon\"><img decoding=\"async\" src=\"https:\/\/ultrapowersolutions-eg.com\/wp-content\/uploads\/2025\/02\/Controllers.png\" alt=\"Controllers\"  \/><\/div><h3 class=\"feature-title h5\"><a class=\"text-inherit\" href=\"\">CONTR\u00d4LEURS<\/a><\/h3><p class=\"feature-text\">R\u00e9paration des redresseurs et des\ncontr\u00f4leurs de syst\u00e8mes solaires.<\/p><\/div><\/div><div class=\"col-md-6 col-lg-4 feature-style2 \"><div class=\"feature-body\"><div class=\"feature-icon\"><img decoding=\"async\" src=\"https:\/\/ultrapowersolutions-eg.com\/wp-content\/uploads\/2025\/02\/Modules.png\" alt=\"Modules\"  \/><\/div><h3 class=\"feature-title h5\"><a class=\"text-inherit\" href=\"\">MODULES<\/a><\/h3><p class=\"feature-text\">R\u00e9paration de tous types de\nmodules de redresseur.<\/p><\/div><\/div><\/div><\/div><\/section>\t\t\t\t<\/div>\n\t\t\t\t<\/div>\n\t\t\t\t\t<\/div>\n\t\t<\/div>\n\t\t\t\t\t<\/div>\n\t\t<\/section>\n\t\t\t\t\t<\/div>\n\t\t<\/div>\n\t\t\t\t\t<\/div>\n\t\t<\/section>\n\t\t\t\t<\/div>\n\t\t","protected":false},"excerpt":{"rendered":"<p>SERVICES POUR SYST\u00c8MES DC Nous offrons des services pour tous les types suivants: INSTALLATION ET ENTRETIEN DE SYST\u00c8MES SOLAIRES Nous sommes sp\u00e9cialis\u00e9s dans l\u2019installation et l\u2019entretien de syst\u00e8mes solaires, vous permettant de tirer parti de l\u2019\u00e9nergie du soleil. CONCEPTION ET PROGRAMMATION DU SYST\u00c8ME HGB Combinaison de deux ou plusieurs \u00e9l\u00e9ments diff\u00e9rents pour cr\u00e9er une entit\u00e9&#8230;<\/p>\n","protected":false},"author":1,"featured_media":0,"parent":3878,"menu_order":0,"comment_status":"closed","ping_status":"closed","template":"template-builder.php","meta":{"footnotes":""},"class_list":["post-3904","page","type-page","status-publish","hentry"],"_links":{"self":[{"href":"https:\/\/ultrapowersolutions-eg.com\/fr\/wp-json\/wp\/v2\/pages\/3904","targetHints":{"allow":["GET"]}}],"collection":[{"href":"https:\/\/ultrapowersolutions-eg.com\/fr\/wp-json\/wp\/v2\/pages"}],"about":[{"href":"https:\/\/ultrapowersolutions-eg.com\/fr\/wp-json\/wp\/v2\/types\/page"}],"author":[{"embeddable":true,"href":"https:\/\/ultrapowersolutions-eg.com\/fr\/wp-json\/wp\/v2\/users\/1"}],"replies":[{"embeddable":true,"href":"https:\/\/ultrapowersolutions-eg.com\/fr\/wp-json\/wp\/v2\/comments?post=3904"}],"version-history":[{"count":5,"href":"https:\/\/ultrapowersolutions-eg.com\/fr\/wp-json\/wp\/v2\/pages\/3904\/revisions"}],"predecessor-version":[{"id":3909,"href":"https:\/\/ultrapowersolutions-eg.com\/fr\/wp-json\/wp\/v2\/pages\/3904\/revisions\/3909"}],"up":[{"embeddable":true,"href":"https:\/\/ultrapowersolutions-eg.com\/fr\/wp-json\/wp\/v2\/pages\/3878"}],"wp:attachment":[{"href":"https:\/\/ultrapowersolutions-eg.com\/fr\/wp-json\/wp\/v2\/media?parent=3904"}],"curies":[{"name":"wp","href":"https:\/\/api.w.org\/{rel}","templated":true}]}}