{"id":3913,"date":"2025-02-16T15:25:50","date_gmt":"2025-02-16T15:25:50","guid":{"rendered":"https:\/\/ultrapowersolutions-eg.com\/?page_id=3913"},"modified":"2025-02-16T15:30:06","modified_gmt":"2025-02-16T15:30:06","slug":"services-pour-systemes-ac","status":"publish","type":"page","link":"https:\/\/ultrapowersolutions-eg.com\/fr\/nos-services\/services-pour-systemes-ac\/","title":{"rendered":"SERVICES POUR SYST\u00c8MES AC"},"content":{"rendered":"\t\t<div data-elementor-type=\"wp-page\" data-elementor-id=\"3913\" class=\"elementor elementor-3913\" data-elementor-post-type=\"page\">\n\t\t\t\t\t\t<section class=\"elementor-section elementor-top-section elementor-element elementor-element-820210e elementor-section-full_width elementor-section-height-default elementor-section-height-default\" data-id=\"820210e\" data-element_type=\"section\">\n\t\t\t\t\t\t<div class=\"elementor-container elementor-column-gap-no\">\n\t\t\t\t\t<div class=\"elementor-column elementor-col-100 elementor-top-column elementor-element elementor-element-d5f0e44\" data-id=\"d5f0e44\" data-element_type=\"column\">\n\t\t\t<div class=\"elementor-widget-wrap elementor-element-populated\">\n\t\t\t\t\t\t<section class=\"elementor-section elementor-inner-section elementor-element elementor-element-0b4cf93 elementor-section-full_width elementor-section-height-default elementor-section-height-default\" data-id=\"0b4cf93\" data-element_type=\"section\">\n\t\t\t\t\t\t<div class=\"elementor-container elementor-column-gap-no\">\n\t\t\t\t\t<div class=\"elementor-column elementor-col-100 elementor-inner-column elementor-element elementor-element-ac31cf5\" data-id=\"ac31cf5\" data-element_type=\"column\">\n\t\t\t<div class=\"elementor-widget-wrap elementor-element-populated\">\n\t\t\t\t\t\t<div class=\"elementor-element elementor-element-6456be0 elementor-widget elementor-widget-heading\" data-id=\"6456be0\" data-element_type=\"widget\" data-widget_type=\"heading.default\">\n\t\t\t\t<div class=\"elementor-widget-container\">\n\t\t\t\t\t<h2 class=\"elementor-heading-title elementor-size-default\">SERVICES POUR\nSYST\u00c8MES AC<\/h2>\t\t\t\t<\/div>\n\t\t\t\t<\/div>\n\t\t\t\t<div class=\"elementor-element elementor-element-2a5b3af elementor-widget elementor-widget-text-editor\" data-id=\"2a5b3af\" data-element_type=\"widget\" data-widget_type=\"text-editor.default\">\n\t\t\t\t<div class=\"elementor-widget-container\">\n\t\t\t\t\t\t\t\t\t<p>Fourniture et installation des panneaux suivants:<\/p>\t\t\t\t\t\t\t\t<\/div>\n\t\t\t\t<\/div>\n\t\t\t\t<div class=\"elementor-element elementor-element-2510f67 elementor-widget elementor-widget-energisoaboutmedia\" data-id=\"2510f67\" data-element_type=\"widget\" data-widget_type=\"energisoaboutmedia.default\">\n\t\t\t\t<div class=\"elementor-widget-container\">\n\t\t\t\t\t<section class=\"about-media-wrapper\"><div class=\"container-xl\"><div class=\"row gx-0\"><div class=\"col-md-6 col-lg-4 feature-style2 \"><div class=\"feature-body\"><div class=\"feature-icon\"><img decoding=\"async\" src=\"https:\/\/ultrapowersolutions-eg.com\/wp-content\/uploads\/2025\/02\/lighting-panels.png\" alt=\"lighting panels\"  \/><\/div><h3 class=\"feature-title h5\"><a class=\"text-inherit\" href=\"\">Panneaux d \u0301\u00e9clairage<\/a><\/h3><\/div><\/div><div class=\"col-md-6 col-lg-4 feature-style2 \"><div class=\"feature-body\"><div class=\"feature-icon\"><img decoding=\"async\" src=\"https:\/\/ultrapowersolutions-eg.com\/wp-content\/uploads\/2025\/02\/control-panel.png\" alt=\"control panel\"  \/><\/div><h3 class=\"feature-title h5\"><a class=\"text-inherit\" href=\"\">Panneau de commande<\/a><\/h3><\/div><\/div><div class=\"col-md-6 col-lg-4 feature-style2 \"><div class=\"feature-body\"><div class=\"feature-icon\"><img decoding=\"async\" src=\"https:\/\/ultrapowersolutions-eg.com\/wp-content\/uploads\/2025\/02\/Power-Panel-ATS.png\" alt=\"Power Panel ATS\"  \/><\/div><h3 class=\"feature-title h5\"><a class=\"text-inherit\" href=\"\">Panneau de puissance (ATS)<\/a><\/h3><\/div><\/div><div class=\"col-md-6 col-lg-4 feature-style2 \"><div class=\"feature-body\"><div class=\"feature-icon\"><img decoding=\"async\" src=\"https:\/\/ultrapowersolutions-eg.com\/wp-content\/uploads\/2025\/02\/Low-voltage-distribution-panel.png\" alt=\"Low voltage distribution panel\"  \/><\/div><h3 class=\"feature-title h5\"><a class=\"text-inherit\" href=\"\">Panneau de distribution\nbasse tension<\/a><\/h3><\/div><\/div><div class=\"col-md-6 col-lg-4 feature-style2 \"><div class=\"feature-body\"><div class=\"feature-icon\"><img decoding=\"async\" src=\"https:\/\/ultrapowersolutions-eg.com\/wp-content\/uploads\/2025\/02\/Air-Condition.png\" alt=\"Air Condition\"  \/><\/div><h3 class=\"feature-title h5\"><a class=\"text-inherit\" href=\"\">CLIMATISATION<\/a><\/h3><p class=\"feature-text\">Nous r\u00e9parons tous les climatiseurs\next\u00e9rieurs et assurons la r\u00e9paration\ndes climatiseurs Stulz et des\nrefroidisseurs Tech pour<\/p><\/div><\/div><div class=\"col-md-6 col-lg-4 feature-style2 \"><div class=\"feature-body\"><div class=\"feature-icon\"><img decoding=\"async\" src=\"https:\/\/ultrapowersolutions-eg.com\/wp-content\/uploads\/2025\/02\/Dummy-Load-AC-DC.png\" alt=\"Dummy Load AC DC\"  \/><\/div><h3 class=\"feature-title h5\"><a class=\"text-inherit\" href=\"\">CHARGE FICTIVE\n(AC ET DC)<\/a><\/h3><p class=\"feature-text\">Nous proposons des charges\nfictives AC et DC pour simuler\ndes conditions de fonctionnement\nr\u00e9alistes lors des tests.<\/p><\/div><\/div><div class=\"col-md-6 col-lg-4 feature-style2 \"><div class=\"feature-body\"><div class=\"feature-icon\"><img decoding=\"async\" src=\"https:\/\/ultrapowersolutions-eg.com\/wp-content\/uploads\/2025\/02\/Electrical-Installation-Maintenance.png\" alt=\"Electrical Installation Maintenance\"  \/><\/div><h3 class=\"feature-title h5\"><a class=\"text-inherit\" href=\"\">INSTALLATION ET ENTRETIEN\n\u00c9LECTRIQUE<\/a><\/h3><p class=\"feature-text\">Notre \u00e9quipe de techniciens qualifi\u00e9s prend\nen charge tous vos besoins \u00e9lectriques, qu\u2019il\ns\u2019agisse de nouvelles installations ou de\nservices d\u2019entretien r\u00e9gulier.<\/p><\/div><\/div><div class=\"col-md-6 col-lg-4 feature-style2 \"><div class=\"feature-body\"><div class=\"feature-icon\"><img decoding=\"async\" src=\"https:\/\/ultrapowersolutions-eg.com\/wp-content\/uploads\/2025\/02\/Power-Solutions.png\" alt=\"Power Solutions\"  \/><\/div><h3 class=\"feature-title h5\"><a class=\"text-inherit\" href=\"\">SOLUTIONS D\u2019ALIMENTATION\n\u00c9LECTRIQUE<\/a><\/h3><p class=\"feature-text\">Notre expertise d\u00e9passe les services\nsp\u00e9cifiques. Nous fournissons des\nsolutions compl\u00e8tes pour r\u00e9pondre\n\u00e0 tous vos d\u00e9fis li\u00e9s \u00e0 l\u2019alimentation\n\u00e9lectrique.<\/p><\/div><\/div><\/div><\/div><\/section>\t\t\t\t<\/div>\n\t\t\t\t<\/div>\n\t\t\t\t\t<\/div>\n\t\t<\/div>\n\t\t\t\t\t<\/div>\n\t\t<\/section>\n\t\t\t\t\t<\/div>\n\t\t<\/div>\n\t\t\t\t\t<\/div>\n\t\t<\/section>\n\t\t\t\t<\/div>\n\t\t","protected":false},"excerpt":{"rendered":"<p>SERVICES POUR SYST\u00c8MES AC Fourniture et installation des panneaux suivants: Panneaux d \u0301\u00e9clairage Panneau de commande Panneau de puissance (ATS) Panneau de distribution basse tension CLIMATISATION Nous r\u00e9parons tous les climatiseurs ext\u00e9rieurs et assurons la r\u00e9paration des climatiseurs Stulz et des refroidisseurs Tech pour CHARGE FICTIVE (AC ET DC) Nous proposons des charges fictives AC&#8230;<\/p>\n","protected":false},"author":1,"featured_media":0,"parent":3878,"menu_order":0,"comment_status":"closed","ping_status":"closed","template":"template-builder.php","meta":{"footnotes":""},"class_list":["post-3913","page","type-page","status-publish","hentry"],"_links":{"self":[{"href":"https:\/\/ultrapowersolutions-eg.com\/fr\/wp-json\/wp\/v2\/pages\/3913","targetHints":{"allow":["GET"]}}],"collection":[{"href":"https:\/\/ultrapowersolutions-eg.com\/fr\/wp-json\/wp\/v2\/pages"}],"about":[{"href":"https:\/\/ultrapowersolutions-eg.com\/fr\/wp-json\/wp\/v2\/types\/page"}],"author":[{"embeddable":true,"href":"https:\/\/ultrapowersolutions-eg.com\/fr\/wp-json\/wp\/v2\/users\/1"}],"replies":[{"embeddable":true,"href":"https:\/\/ultrapowersolutions-eg.com\/fr\/wp-json\/wp\/v2\/comments?post=3913"}],"version-history":[{"count":5,"href":"https:\/\/ultrapowersolutions-eg.com\/fr\/wp-json\/wp\/v2\/pages\/3913\/revisions"}],"predecessor-version":[{"id":3918,"href":"https:\/\/ultrapowersolutions-eg.com\/fr\/wp-json\/wp\/v2\/pages\/3913\/revisions\/3918"}],"up":[{"embeddable":true,"href":"https:\/\/ultrapowersolutions-eg.com\/fr\/wp-json\/wp\/v2\/pages\/3878"}],"wp:attachment":[{"href":"https:\/\/ultrapowersolutions-eg.com\/fr\/wp-json\/wp\/v2\/media?parent=3913"}],"curies":[{"name":"wp","href":"https:\/\/api.w.org\/{rel}","templated":true}]}}