{"id":3959,"date":"2025-02-16T17:55:32","date_gmt":"2025-02-16T17:55:32","guid":{"rendered":"https:\/\/ultrapowersolutions-eg.com\/?page_id=3959"},"modified":"2025-02-16T18:00:48","modified_gmt":"2025-02-16T18:00:48","slug":"politiques-de-qualite-et-de-securite","status":"publish","type":"page","link":"https:\/\/ultrapowersolutions-eg.com\/fr\/politiques-de-qualite-et-de-securite\/","title":{"rendered":"POLITIQUES DE QUALIT\u00c9 ET DE S\u00c9CURIT\u00c9"},"content":{"rendered":"\t\t<div data-elementor-type=\"wp-page\" data-elementor-id=\"3959\" class=\"elementor elementor-3959\" data-elementor-post-type=\"page\">\n\t\t\t\t\t\t<section class=\"elementor-section elementor-top-section elementor-element elementor-element-756c368 elementor-section-full_width elementor-section-height-default elementor-section-height-default\" data-id=\"756c368\" data-element_type=\"section\">\n\t\t\t\t\t\t<div class=\"elementor-container elementor-column-gap-no\">\n\t\t\t\t\t<div class=\"elementor-column elementor-col-100 elementor-top-column elementor-element elementor-element-c2856ee\" data-id=\"c2856ee\" data-element_type=\"column\">\n\t\t\t<div class=\"elementor-widget-wrap elementor-element-populated\">\n\t\t\t\t\t\t<div class=\"elementor-element elementor-element-39ec7d1 elementor-widget__width-auto elementor-widget elementor-widget-image\" data-id=\"39ec7d1\" data-element_type=\"widget\" data-widget_type=\"image.default\">\n\t\t\t\t<div class=\"elementor-widget-container\">\n\t\t\t\t\t\t\t\t\t\t\t\t\t\t\t<img fetchpriority=\"high\" decoding=\"async\" width=\"512\" height=\"512\" src=\"https:\/\/ultrapowersolutions-eg.com\/wp-content\/uploads\/2025\/02\/worker.png\" class=\"attachment-large size-large wp-image-3963\" alt=\"\" srcset=\"https:\/\/ultrapowersolutions-eg.com\/wp-content\/uploads\/2025\/02\/worker.png 512w, https:\/\/ultrapowersolutions-eg.com\/wp-content\/uploads\/2025\/02\/worker-300x300.png 300w, https:\/\/ultrapowersolutions-eg.com\/wp-content\/uploads\/2025\/02\/worker-150x150.png 150w\" sizes=\"(max-width: 512px) 100vw, 512px\" \/>\t\t\t\t\t\t\t\t\t\t\t\t\t\t\t<\/div>\n\t\t\t\t<\/div>\n\t\t\t\t<div class=\"elementor-element elementor-element-98aa44c elementor-widget elementor-widget-energisosectiontitle\" data-id=\"98aa44c\" data-element_type=\"widget\" data-widget_type=\"energisosectiontitle.default\">\n\t\t\t\t<div class=\"elementor-widget-container\">\n\t\t\t\t\t<!-- Section Title --><div class=\"title-area center\" ><h3 class=\"sec-title title-selector h1\">POLITIQUES DE\nQUALIT\u00c9 ET DE S\u00c9CURIT\u00c9<\/h3><\/div><!-- End Section Title -->\t\t\t\t<\/div>\n\t\t\t\t<\/div>\n\t\t\t\t<section class=\"elementor-section elementor-inner-section elementor-element elementor-element-883de25 elementor-reverse-tablet elementor-reverse-mobile elementor-section-boxed elementor-section-height-default elementor-section-height-default\" data-id=\"883de25\" data-element_type=\"section\">\n\t\t\t\t\t\t<div class=\"elementor-container elementor-column-gap-no\">\n\t\t\t\t\t<div class=\"elementor-column elementor-col-50 elementor-inner-column elementor-element elementor-element-1f3dcc1 elementor-invisible\" data-id=\"1f3dcc1\" data-element_type=\"column\" data-settings=\"{&quot;animation&quot;:&quot;fadeInLeft&quot;}\">\n\t\t\t<div class=\"elementor-widget-wrap elementor-element-populated\">\n\t\t\t\t\t\t<div class=\"elementor-element elementor-element-0fde873 elementor-widget elementor-widget-energisoprocess\" data-id=\"0fde873\" data-element_type=\"widget\" data-widget_type=\"energisoprocess.default\">\n\t\t\t\t<div class=\"elementor-widget-container\">\n\t\t\t\t\t<div class=\"process-style1\"><div class=\"process-item\"><div class=\"process-content\"><span class=\"process-number\">1<\/span><p class=\"process-text\">Les \u00e9l\u00e9ments de qualit\u00e9 et de s\u00e9curit\u00e9 figurent parmi nos priorit\u00e9s absolues et intransigeantes. Depuis de nombreuses ann\u00e9es, nous fournissons des solutions \u00e9nerg\u00e9tiques, des services de maintenance et d\u2019exploitation, tout en am\u00e9liorant constamment la qualit\u00e9 de nos prestations gr\u00e2ce \u00e0 un syst\u00e8me de gestion de la qualit\u00e9 et de la s\u00e9curit\u00e9 performant, adapt\u00e9 aux d\u00e9fis actuels et conforme aux exigences vari\u00e9es de nos clients.<\/p><\/div><\/div><div class=\"process-item\"><div class=\"process-content\"><span class=\"process-number\">2<\/span><p class=\"process-text\">Fournir un environnement de travail sain et s\u00e9curis\u00e9.<\/p><\/div><\/div><\/div>\t\t\t\t<\/div>\n\t\t\t\t<\/div>\n\t\t\t\t\t<\/div>\n\t\t<\/div>\n\t\t\t\t<div class=\"elementor-column elementor-col-50 elementor-inner-column elementor-element elementor-element-2751139 elementor-invisible\" data-id=\"2751139\" data-element_type=\"column\" data-settings=\"{&quot;animation&quot;:&quot;fadeInRight&quot;}\">\n\t\t\t<div class=\"elementor-widget-wrap elementor-element-populated\">\n\t\t\t\t\t\t<div class=\"elementor-element elementor-element-756861a elementor-widget elementor-widget-energisoprocess\" data-id=\"756861a\" data-element_type=\"widget\" data-widget_type=\"energisoprocess.default\">\n\t\t\t\t<div class=\"elementor-widget-container\">\n\t\t\t\t\t<div class=\"process-style1\"><div class=\"process-item\"><div class=\"process-content\"><span class=\"process-number\">1<\/span><p class=\"process-text\">Les principales mesures de notre politique de qualit\u00e9 incluent des examens permanents et un suivi p\u00e9riodique de l\u2019ensemble des travaux, l\u2019\u00e9valuation des indicateurs de performance pour tous les employ\u00e9s, la mesure de la satisfaction des clients \u00e0 l\u2019\u00e9gard de nos services, ainsi que la prise en compte et l\u2019application de toutes les pr\u00e9cautions de s\u00e9curit\u00e9 n\u00e9cessaires.<\/p><\/div><\/div><div class=\"process-item\"><div class=\"process-content\"><span class=\"process-number\">2<\/span><p class=\"process-text\">Attirer des talents qualifi\u00e9s et comp\u00e9tents tout en renfor\u00e7ant les capacit\u00e9s du personnel gr\u00e2ce \u00e0 des formations adapt\u00e9es.<\/p><\/div><\/div><div class=\"process-item\"><div class=\"process-content\"><span class=\"process-number\">3<\/span><p class=\"process-text\">Garantir une communication efficace et une compr\u00e9hension claire de la politique de qualit\u00e9 par tous les employ\u00e9s \u00e0 tous les niveaux.<\/p><\/div><\/div><\/div>\t\t\t\t<\/div>\n\t\t\t\t<\/div>\n\t\t\t\t\t<\/div>\n\t\t<\/div>\n\t\t\t\t\t<\/div>\n\t\t<\/section>\n\t\t\t\t\t<\/div>\n\t\t<\/div>\n\t\t\t\t\t<\/div>\n\t\t<\/section>\n\t\t\t\t<\/div>\n\t\t","protected":false},"excerpt":{"rendered":"<p>POLITIQUES DE QUALIT\u00c9 ET DE S\u00c9CURIT\u00c9 1 Les \u00e9l\u00e9ments de qualit\u00e9 et de s\u00e9curit\u00e9 figurent parmi nos priorit\u00e9s absolues et intransigeantes. Depuis de nombreuses ann\u00e9es, nous fournissons des solutions \u00e9nerg\u00e9tiques, des services de maintenance et d\u2019exploitation, tout en am\u00e9liorant constamment la qualit\u00e9 de nos prestations gr\u00e2ce \u00e0 un syst\u00e8me de gestion de la qualit\u00e9 et&#8230;<\/p>\n","protected":false},"author":1,"featured_media":0,"parent":0,"menu_order":0,"comment_status":"closed","ping_status":"closed","template":"template-builder.php","meta":{"footnotes":""},"class_list":["post-3959","page","type-page","status-publish","hentry"],"_links":{"self":[{"href":"https:\/\/ultrapowersolutions-eg.com\/fr\/wp-json\/wp\/v2\/pages\/3959","targetHints":{"allow":["GET"]}}],"collection":[{"href":"https:\/\/ultrapowersolutions-eg.com\/fr\/wp-json\/wp\/v2\/pages"}],"about":[{"href":"https:\/\/ultrapowersolutions-eg.com\/fr\/wp-json\/wp\/v2\/types\/page"}],"author":[{"embeddable":true,"href":"https:\/\/ultrapowersolutions-eg.com\/fr\/wp-json\/wp\/v2\/users\/1"}],"replies":[{"embeddable":true,"href":"https:\/\/ultrapowersolutions-eg.com\/fr\/wp-json\/wp\/v2\/comments?post=3959"}],"version-history":[{"count":7,"href":"https:\/\/ultrapowersolutions-eg.com\/fr\/wp-json\/wp\/v2\/pages\/3959\/revisions"}],"predecessor-version":[{"id":3969,"href":"https:\/\/ultrapowersolutions-eg.com\/fr\/wp-json\/wp\/v2\/pages\/3959\/revisions\/3969"}],"wp:attachment":[{"href":"https:\/\/ultrapowersolutions-eg.com\/fr\/wp-json\/wp\/v2\/media?parent=3959"}],"curies":[{"name":"wp","href":"https:\/\/api.w.org\/{rel}","templated":true}]}}